{"id":1084,"date":"2020-12-27T21:37:21","date_gmt":"2020-12-27T20:37:21","guid":{"rendered":"https:\/\/bykern.nl\/?page_id=1084"},"modified":"2023-12-29T14:27:28","modified_gmt":"2023-12-29T13:27:28","slug":"informatie","status":"publish","type":"page","link":"https:\/\/bykern.nl\/de\/informatie\/","title":{"rendered":"Informationen"},"content":{"rendered":"<div data-elementor-type=\"wp-page\" data-elementor-id=\"1084\" class=\"elementor elementor-1084\" wpc-filter-elementor-widget=\"1\">\n\t\t\t\t\t\t<section class=\"elementor-section elementor-top-section elementor-element elementor-element-a8b7696 elementor-section-boxed elementor-section-height-default elementor-section-height-default\" data-id=\"a8b7696\" data-element_type=\"section\" data-e-type=\"section\" data-settings=\"{&quot;background_background&quot;:&quot;classic&quot;}\">\n\t\t\t\t\t\t<div class=\"elementor-container elementor-column-gap-default\">\n\t\t\t\t\t<div class=\"elementor-column elementor-col-100 elementor-top-column elementor-element elementor-element-3e5db01\" data-id=\"3e5db01\" data-element_type=\"column\" data-e-type=\"column\" data-settings=\"{&quot;background_background&quot;:&quot;classic&quot;}\">\n\t\t\t<div class=\"elementor-widget-wrap elementor-element-populated\">\n\t\t\t\t\t\t<div class=\"elementor-element elementor-element-b21551e elementor-widget elementor-widget-spacer\" data-id=\"b21551e\" data-element_type=\"widget\" data-e-type=\"widget\" data-widget_type=\"spacer.default\">\n\t\t\t\t<div class=\"elementor-widget-container\">\n\t\t\t\t\t\t\t<div class=\"elementor-spacer\">\n\t\t\t<div class=\"elementor-spacer-inner\"><\/div>\n\t\t<\/div>\n\t\t\t\t\t\t<\/div>\n\t\t\t\t<\/div>\n\t\t\t\t<div class=\"elementor-element elementor-element-955e232 elementor-widget elementor-widget-heading\" data-id=\"955e232\" data-element_type=\"widget\" data-e-type=\"widget\" data-widget_type=\"heading.default\">\n\t\t\t\t<div class=\"elementor-widget-container\">\n\t\t\t\t\t<h1 class=\"elementor-heading-title elementor-size-default\">INFORMATIONEN<\/h1>\t\t\t\t<\/div>\n\t\t\t\t<\/div>\n\t\t\t\t<div class=\"elementor-element elementor-element-e29a6f7 elementor-widget elementor-widget-spacer\" data-id=\"e29a6f7\" data-element_type=\"widget\" data-e-type=\"widget\" data-widget_type=\"spacer.default\">\n\t\t\t\t<div class=\"elementor-widget-container\">\n\t\t\t\t\t\t\t<div class=\"elementor-spacer\">\n\t\t\t<div class=\"elementor-spacer-inner\"><\/div>\n\t\t<\/div>\n\t\t\t\t\t\t<\/div>\n\t\t\t\t<\/div>\n\t\t\t\t\t<\/div>\n\t\t<\/div>\n\t\t\t\t\t<\/div>\n\t\t<\/section>\n\t\t\t\t<section class=\"elementor-section elementor-top-section elementor-element elementor-element-7cee1a8b elementor-section-boxed elementor-section-height-default elementor-section-height-default\" data-id=\"7cee1a8b\" data-element_type=\"section\" data-e-type=\"section\">\n\t\t\t\t\t\t<div class=\"elementor-container elementor-column-gap-default\">\n\t\t\t\t\t<div class=\"elementor-column elementor-col-100 elementor-top-column elementor-element elementor-element-f889117\" data-id=\"f889117\" data-element_type=\"column\" data-e-type=\"column\">\n\t\t\t<div class=\"elementor-widget-wrap elementor-element-populated\">\n\t\t\t\t\t\t<div class=\"elementor-element elementor-element-6f4f2f54 elementor-widget elementor-widget-text-editor\" data-id=\"6f4f2f54\" data-element_type=\"widget\" data-e-type=\"widget\" data-widget_type=\"text-editor.default\">\n\t\t\t\t<div class=\"elementor-widget-container\">\n\t\t\t\t\t\t\t\t\t<p><\/p>\n<p><\/p>\n<p><\/p>\n<div class=\"wp-block-group is-layout-flow wp-block-group-is-layout-flow\">\n<p><\/p>\n<div id=\"wp-block-themeisle-blocks-advanced-columns-c2357fe4\" class=\"wp-block-themeisle-blocks-advanced-columns has-2-columns has-desktop-equal-layout has-tablet-equal-layout has-mobile-collapsedRows-layout has-vertical-unset has-default-gap\">\n<div class=\"wp-block-themeisle-blocks-advanced-columns-overlay translation-block\"><span style=\"font-size: 16px\">Besuchen Sie diese <\/span><a target=\"_self\">Seite <\/a><span style=\"font-size: 16px\">f\u00fcr h\u00e4ufig gestellte Fragen. <\/span><\/div>\n<div class=\"innerblocks-wrap\">\n<div id=\"wp-block-themeisle-blocks-advanced-column-e4121c8d\" class=\"wp-block-themeisle-blocks-advanced-column\">\n<p><\/p>\n<p><\/p>\n<p><strong>Rock vs Premium<\/strong><\/p>\n<p><\/p>\n<p><\/p>\n<p class=\"translation-block\">Auf <a href=\"https:\/\/bykern.nl\/de\/\" target=\"_self\">bykern.nl<\/a> bieten wir Produkte aus den Serien Rock und Premium an. Der erste Typ ist nicht zugelassen und hat eine Ger\u00e4uschemission von mehr als 115 dB. Bei der Premium-Serie ist die Lautst\u00e4rke regulierbar, sodass diese Produkte europaweit zugelassen sind. \u00c4sthetisch sind die Modelle v\u00f6llig identisch.<\/p>\n<p><\/p>\n<p><\/p>\n<p><strong>Produktqualit\u00e4t<\/strong><\/p>\n<p><\/p>\n<p><\/p>\n<p>Unsere Auspuffanlagen werden von spezialisierten Facharbeitern aus einem einzigen St\u00fcck Gussstahl geformt, um ein m\u00f6glichst gl\u00e4nzendes Endergebnis zu erzielen. Die Auspuffanlagen wurden speziell f\u00fcr Harley Davidson-Motorr\u00e4der entwickelt und liefern einen au\u00dfergew\u00f6hnlich reinen und kraftvollen Klang. Alle Produkte haben eine Garantie von drei Jahren ab Kaufdatum.<\/p>\n<p><\/p>\n<p><\/p>\n<p><strong>Wirkungsweise des Produkts<\/strong><\/p>\n<p><\/p>\n<p><\/p>\n<p>Alle Premium-Auspuffrohre k\u00f6nnen zwei Arten von T\u00f6nen erzeugen: Der erste ist  gem\u00e4\u00df der europ\u00e4ischen Norm 97\/24 zertifiziert und erf\u00fcllt somit alle Anforderungen. Dies erkennen Sie an der Pr\u00e4gung auf dem Auspuffschalld\u00e4mpfer. Der zweite Klang kann mit einem Knopf an der Seite des Motors aktiviert werden, wodurch die gesamte Kraft des Motors freigesetzt wird und der spezifische Harley-Davidson-Sound erzeugt wird.<\/p>\n<p><\/p>\n<p><\/p>\n<p><strong>Produktwahl<\/strong><\/p>\n<p><\/p>\n<p><\/p>\n<p>Um den Auspuff zu finden, der am besten zu Ihrem Motorrad passt, m\u00fcssen Sie zun\u00e4chst das Modell Ihres Motorrads ausw\u00e4hlen. Anschlie\u00dfend k\u00f6nnen Sie in den Auswahlmen\u00fcs die Leistung Ihres Motorrads angeben und die Farbe ausw\u00e4hlen. Es ist sehr wichtig, dass Sie das Baujahr und die Seriennummer Ihres Motorrads korrekt angeben, damit Sie einen f\u00fcr Ihr Motorrad ma\u00dfgeschneiderten Auspuff erhalten. Bei Fragen wenden Sie sich bitte an uns.<\/p>\n<p><\/p>\n<p><\/p>\n<p><strong>Zahlung, Versand, R\u00fccksendung<\/strong><\/p>\n<p><\/p>\n<p><\/p>\n<p>Die durchschnittliche Lieferzeit betr\u00e4gt 5 bis 6 Werktage. Sie erhalten eine E-Mail mit dem Tracking-Code, sobald die Bestellung versandt wurde. Die Bearbeitungszeit f\u00fcr Bestellungen kann zwischen 1 und 2 Wochen variieren.<\/p>\n<p><\/p>\n<p><\/p>\n<p>Wenn das ausgew\u00e4hlte Produkt nicht verf\u00fcgbar ist, kann die Produktionszeit bis zu 4 Wochen betragen.<\/p>\n<p><\/p>\n<p><\/p>\n<p>Es ist m\u00f6glich, mit dem Paypal-Service oder mit einer Kreditkarte zu bezahlen.<\/p>\n<p><\/p>\n<p><\/p>\n<p>Wenn Sie mit Ihrem Kauf nicht zufrieden sind, k\u00f6nnen Sie das Produkt innerhalb von 14 Tagen nach dem Kauf zur\u00fcckgeben. Eine R\u00fcckgabe ist nur m\u00f6glich, wenn das Produkt unbenutzt ist. Die Kosten f\u00fcr die R\u00fccksendung gehen zu Lasten des Kunden.<\/p>\n<p><\/p>\n<p><\/p>\n<p><\/p>\n<p><\/p>\n<p><strong>H\u00e4ufig gestellte Fragen<\/strong><\/p>\n<p><\/p>\n<p><\/p>\n<p class=\"translation-block\">Auf dieser <a href=\"https:\/\/bykern.nl\/de\/veelgestelde-vragen\/\" target=\"_self\">Seite<\/a> finden Sie die h\u00e4ufigsten Fragen unserer Kunden. Bei Unklarheiten senden Sie uns bitte eine E-Mail, wir helfen Ihnen gerne weiter!<\/p>\n<p><\/p>\n<\/div>\n<p><\/p>\n<p><\/p>\n<div id=\"wp-block-themeisle-blocks-advanced-column-6404b6e9\" class=\"wp-block-themeisle-blocks-advanced-column\">\u00a0<\/div>\n<p><\/p>\n<\/div>\n<\/div>\n<p><!-- \/wp:themeisle-blocks\/advanced-columns --><\/p>\n<\/div>\n<p><!-- \/wp:group --><\/p>\t\t\t\t\t\t\t\t<\/div>\n\t\t\t\t<\/div>\n\t\t\t\t\t<\/div>\n\t\t<\/div>\n\t\t\t\t\t<\/div>\n\t\t<\/section>\n\t\t\t\t<\/div>","protected":false},"excerpt":{"rendered":"<p>INFORMATIE Rock vs Premium Op bykern.nl bieden wij producten aan uit de Rock en Premium lijnen. Het eerste type is niet erkend, en heeft een geluidsemissie van meer dan 115 dB. Bij de Premium lijn is het geluid regelbaar, en zijn daardoor Europees goedgekeurd. Esthetisch gezien zijn de modellen volledig identiek. Productkwaliteit Onze uitlaten zijn [&hellip;]<\/p>\n","protected":false},"author":1,"featured_media":0,"parent":0,"menu_order":0,"comment_status":"closed","ping_status":"closed","template":"","meta":{"site-sidebar-layout":"default","site-content-layout":"","ast-site-content-layout":"default","site-content-style":"default","site-sidebar-style":"default","ast-global-header-display":"","ast-banner-title-visibility":"","ast-main-header-display":"","ast-hfb-above-header-display":"","ast-hfb-below-header-display":"","ast-hfb-mobile-header-display":"","site-post-title":"","ast-breadcrumbs-content":"","ast-featured-img":"","footer-sml-layout":"","ast-disable-related-posts":"","theme-transparent-header-meta":"","adv-header-id-meta":"","stick-header-meta":"","header-above-stick-meta":"","header-main-stick-meta":"","header-below-stick-meta":"","astra-migrate-meta-layouts":"default","ast-page-background-enabled":"default","ast-page-background-meta":{"desktop":{"background-color":"var(--ast-global-color-4)","background-image":"","background-repeat":"repeat","background-position":"center center","background-size":"auto","background-attachment":"scroll","background-type":"","background-media":"","overlay-type":"","overlay-color":"","overlay-opacity":"","overlay-gradient":""},"tablet":{"background-color":"","background-image":"","background-repeat":"repeat","background-position":"center center","background-size":"auto","background-attachment":"scroll","background-type":"","background-media":"","overlay-type":"","overlay-color":"","overlay-opacity":"","overlay-gradient":""},"mobile":{"background-color":"","background-image":"","background-repeat":"repeat","background-position":"center center","background-size":"auto","background-attachment":"scroll","background-type":"","background-media":"","overlay-type":"","overlay-color":"","overlay-opacity":"","overlay-gradient":""}},"ast-content-background-meta":{"desktop":{"background-color":"var(--ast-global-color-5)","background-image":"","background-repeat":"repeat","background-position":"center center","background-size":"auto","background-attachment":"scroll","background-type":"","background-media":"","overlay-type":"","overlay-color":"","overlay-opacity":"","overlay-gradient":""},"tablet":{"background-color":"var(--ast-global-color-5)","background-image":"","background-repeat":"repeat","background-position":"center center","background-size":"auto","background-attachment":"scroll","background-type":"","background-media":"","overlay-type":"","overlay-color":"","overlay-opacity":"","overlay-gradient":""},"mobile":{"background-color":"var(--ast-global-color-5)","background-image":"","background-repeat":"repeat","background-position":"center center","background-size":"auto","background-attachment":"scroll","background-type":"","background-media":"","overlay-type":"","overlay-color":"","overlay-opacity":"","overlay-gradient":""}},"footnotes":""},"class_list":["post-1084","page","type-page","status-publish","hentry"],"yoast_head":"<!-- This site is optimized with the Yoast SEO plugin v27.4 - https:\/\/yoast.com\/product\/yoast-seo-wordpress\/ -->\n<title>Informatie - BYKERN NEDERLAND<\/title>\n<meta name=\"description\" content=\"Erkende uitlaat met regelbaar geluid. Uitlaatdemper met Europese E7 goedkeuring. Uitlaat met mechanische klep.\" \/>\n<meta name=\"robots\" content=\"index, follow, max-snippet:-1, max-image-preview:large, max-video-preview:-1\" \/>\n<link rel=\"canonical\" href=\"https:\/\/bykern.nl\/de\/informatie\/\" \/>\n<meta property=\"og:locale\" content=\"de_DE\" \/>\n<meta property=\"og:type\" content=\"article\" \/>\n<meta property=\"og:title\" content=\"Informatie - BYKERN NEDERLAND\" \/>\n<meta property=\"og:description\" content=\"Erkende uitlaat met regelbaar geluid. Uitlaatdemper met Europese E7 goedkeuring. Uitlaat met mechanische klep.\" \/>\n<meta property=\"og:url\" content=\"https:\/\/bykern.nl\/de\/informatie\/\" \/>\n<meta property=\"og:site_name\" content=\"BYKERN NEDERLAND\" \/>\n<meta property=\"article:modified_time\" content=\"2023-12-29T13:27:28+00:00\" \/>\n<meta property=\"og:image\" content=\"https:\/\/bykern.nl\/wp-content\/uploads\/2020\/12\/cropped-bykern_logo_2-1.jpg\" \/>\n\t<meta property=\"og:image:width\" content=\"512\" \/>\n\t<meta property=\"og:image:height\" content=\"512\" \/>\n\t<meta property=\"og:image:type\" content=\"image\/jpeg\" \/>\n<meta name=\"twitter:card\" content=\"summary_large_image\" \/>\n<meta name=\"twitter:label1\" content=\"Gesch\u00e4tzte Lesezeit\" \/>\n\t<meta name=\"twitter:data1\" content=\"2\u00a0Minuten\" \/>\n<script type=\"application\/ld+json\" class=\"yoast-schema-graph\">{\"@context\":\"https:\\\/\\\/schema.org\",\"@graph\":[{\"@type\":\"WebPage\",\"@id\":\"https:\\\/\\\/bykern.nl\\\/informatie\\\/\",\"url\":\"https:\\\/\\\/bykern.nl\\\/informatie\\\/\",\"name\":\"Informatie - BYKERN NEDERLAND\",\"isPartOf\":{\"@id\":\"https:\\\/\\\/bykern.nl\\\/#website\"},\"datePublished\":\"2020-12-27T20:37:21+00:00\",\"dateModified\":\"2023-12-29T13:27:28+00:00\",\"description\":\"Erkende uitlaat met regelbaar geluid. Uitlaatdemper met Europese E7 goedkeuring. Uitlaat met mechanische klep.\",\"breadcrumb\":{\"@id\":\"https:\\\/\\\/bykern.nl\\\/informatie\\\/#breadcrumb\"},\"inLanguage\":\"de\",\"potentialAction\":[{\"@type\":\"ReadAction\",\"target\":[\"https:\\\/\\\/bykern.nl\\\/informatie\\\/\"]}]},{\"@type\":\"BreadcrumbList\",\"@id\":\"https:\\\/\\\/bykern.nl\\\/informatie\\\/#breadcrumb\",\"itemListElement\":[{\"@type\":\"ListItem\",\"position\":1,\"name\":\"Home\",\"item\":\"https:\\\/\\\/bykern.nl\\\/\"},{\"@type\":\"ListItem\",\"position\":2,\"name\":\"Informatie\"}]},{\"@type\":\"WebSite\",\"@id\":\"https:\\\/\\\/bykern.nl\\\/#website\",\"url\":\"https:\\\/\\\/bykern.nl\\\/\",\"name\":\"ByKern Nederland\",\"description\":\"Offici\u00eble Website\",\"publisher\":{\"@id\":\"https:\\\/\\\/bykern.nl\\\/#organization\"},\"potentialAction\":[{\"@type\":\"SearchAction\",\"target\":{\"@type\":\"EntryPoint\",\"urlTemplate\":\"https:\\\/\\\/bykern.nl\\\/?s={search_term_string}\"},\"query-input\":{\"@type\":\"PropertyValueSpecification\",\"valueRequired\":true,\"valueName\":\"search_term_string\"}}],\"inLanguage\":\"de\"},{\"@type\":\"Organization\",\"@id\":\"https:\\\/\\\/bykern.nl\\\/#organization\",\"name\":\"Bykern Nederland\",\"url\":\"https:\\\/\\\/bykern.nl\\\/\",\"logo\":{\"@type\":\"ImageObject\",\"inLanguage\":\"de\",\"@id\":\"https:\\\/\\\/bykern.nl\\\/#\\\/schema\\\/logo\\\/image\\\/\",\"url\":\"https:\\\/\\\/bykern.nl\\\/wp-content\\\/uploads\\\/2021\\\/02\\\/BykernLogoWhite.png\",\"contentUrl\":\"https:\\\/\\\/bykern.nl\\\/wp-content\\\/uploads\\\/2021\\\/02\\\/BykernLogoWhite.png\",\"width\":594,\"height\":489,\"caption\":\"Bykern Nederland\"},\"image\":{\"@id\":\"https:\\\/\\\/bykern.nl\\\/#\\\/schema\\\/logo\\\/image\\\/\"}}]}<\/script>\n<!-- \/ Yoast SEO plugin. -->","yoast_head_json":{"title":"Informatie - BYKERN NEDERLAND","description":"Erkende uitlaat met regelbaar geluid. Uitlaatdemper met Europese E7 goedkeuring. Uitlaat met mechanische klep.","robots":{"index":"index","follow":"follow","max-snippet":"max-snippet:-1","max-image-preview":"max-image-preview:large","max-video-preview":"max-video-preview:-1"},"canonical":"https:\/\/bykern.nl\/de\/informatie\/","og_locale":"de_DE","og_type":"article","og_title":"Informatie - BYKERN NEDERLAND","og_description":"Erkende uitlaat met regelbaar geluid. Uitlaatdemper met Europese E7 goedkeuring. Uitlaat met mechanische klep.","og_url":"https:\/\/bykern.nl\/de\/informatie\/","og_site_name":"BYKERN NEDERLAND","article_modified_time":"2023-12-29T13:27:28+00:00","og_image":[{"width":512,"height":512,"url":"https:\/\/bykern.nl\/wp-content\/uploads\/2020\/12\/cropped-bykern_logo_2-1.jpg","type":"image\/jpeg"}],"twitter_card":"summary_large_image","twitter_misc":{"Gesch\u00e4tzte Lesezeit":"2\u00a0Minuten"},"schema":{"@context":"https:\/\/schema.org","@graph":[{"@type":"WebPage","@id":"https:\/\/bykern.nl\/informatie\/","url":"https:\/\/bykern.nl\/informatie\/","name":"Informatie - BYKERN NEDERLAND","isPartOf":{"@id":"https:\/\/bykern.nl\/#website"},"datePublished":"2020-12-27T20:37:21+00:00","dateModified":"2023-12-29T13:27:28+00:00","description":"Erkende uitlaat met regelbaar geluid. Uitlaatdemper met Europese E7 goedkeuring. Uitlaat met mechanische klep.","breadcrumb":{"@id":"https:\/\/bykern.nl\/informatie\/#breadcrumb"},"inLanguage":"de","potentialAction":[{"@type":"ReadAction","target":["https:\/\/bykern.nl\/informatie\/"]}]},{"@type":"BreadcrumbList","@id":"https:\/\/bykern.nl\/informatie\/#breadcrumb","itemListElement":[{"@type":"ListItem","position":1,"name":"Home","item":"https:\/\/bykern.nl\/"},{"@type":"ListItem","position":2,"name":"Informatie"}]},{"@type":"WebSite","@id":"https:\/\/bykern.nl\/#website","url":"https:\/\/bykern.nl\/","name":"ByKern Nederland","description":"Offici\u00eble Website","publisher":{"@id":"https:\/\/bykern.nl\/#organization"},"potentialAction":[{"@type":"SearchAction","target":{"@type":"EntryPoint","urlTemplate":"https:\/\/bykern.nl\/?s={search_term_string}"},"query-input":{"@type":"PropertyValueSpecification","valueRequired":true,"valueName":"search_term_string"}}],"inLanguage":"de"},{"@type":"Organization","@id":"https:\/\/bykern.nl\/#organization","name":"Bykern Nederland","url":"https:\/\/bykern.nl\/","logo":{"@type":"ImageObject","inLanguage":"de","@id":"https:\/\/bykern.nl\/#\/schema\/logo\/image\/","url":"https:\/\/bykern.nl\/wp-content\/uploads\/2021\/02\/BykernLogoWhite.png","contentUrl":"https:\/\/bykern.nl\/wp-content\/uploads\/2021\/02\/BykernLogoWhite.png","width":594,"height":489,"caption":"Bykern Nederland"},"image":{"@id":"https:\/\/bykern.nl\/#\/schema\/logo\/image\/"}}]}},"_links":{"self":[{"href":"https:\/\/bykern.nl\/de\/wp-json\/wp\/v2\/pages\/1084","targetHints":{"allow":["GET"]}}],"collection":[{"href":"https:\/\/bykern.nl\/de\/wp-json\/wp\/v2\/pages"}],"about":[{"href":"https:\/\/bykern.nl\/de\/wp-json\/wp\/v2\/types\/page"}],"author":[{"embeddable":true,"href":"https:\/\/bykern.nl\/de\/wp-json\/wp\/v2\/users\/1"}],"replies":[{"embeddable":true,"href":"https:\/\/bykern.nl\/de\/wp-json\/wp\/v2\/comments?post=1084"}],"version-history":[{"count":65,"href":"https:\/\/bykern.nl\/de\/wp-json\/wp\/v2\/pages\/1084\/revisions"}],"predecessor-version":[{"id":2655,"href":"https:\/\/bykern.nl\/de\/wp-json\/wp\/v2\/pages\/1084\/revisions\/2655"}],"wp:attachment":[{"href":"https:\/\/bykern.nl\/de\/wp-json\/wp\/v2\/media?parent=1084"}],"curies":[{"name":"wp","href":"https:\/\/api.w.org\/{rel}","templated":true}]}}