{"id":1087,"date":"2020-12-27T21:40:55","date_gmt":"2020-12-27T20:40:55","guid":{"rendered":"https:\/\/bykern.nl\/?page_id=1087"},"modified":"2023-12-29T15:08:42","modified_gmt":"2023-12-29T14:08:42","slug":"veelgestelde-vragen","status":"publish","type":"page","link":"https:\/\/bykern.nl\/de\/veelgestelde-vragen\/","title":{"rendered":"H\u00e4ufig gestellte Fragen"},"content":{"rendered":"<div data-elementor-type=\"wp-page\" data-elementor-id=\"1087\" class=\"elementor elementor-1087\" wpc-filter-elementor-widget=\"1\">\n\t\t\t\t\t\t<section class=\"elementor-section elementor-top-section elementor-element elementor-element-ae1fda5 elementor-section-boxed elementor-section-height-default elementor-section-height-default\" data-id=\"ae1fda5\" data-element_type=\"section\" data-e-type=\"section\" data-settings=\"{&quot;background_background&quot;:&quot;classic&quot;}\">\n\t\t\t\t\t\t<div class=\"elementor-container elementor-column-gap-default\">\n\t\t\t\t\t<div class=\"elementor-column elementor-col-100 elementor-top-column elementor-element elementor-element-c8be287\" data-id=\"c8be287\" data-element_type=\"column\" data-e-type=\"column\">\n\t\t\t<div class=\"elementor-widget-wrap elementor-element-populated\">\n\t\t\t\t\t\t<div class=\"elementor-element elementor-element-d72f54d elementor-widget elementor-widget-spacer\" data-id=\"d72f54d\" data-element_type=\"widget\" data-e-type=\"widget\" data-widget_type=\"spacer.default\">\n\t\t\t\t<div class=\"elementor-widget-container\">\n\t\t\t\t\t\t\t<div class=\"elementor-spacer\">\n\t\t\t<div class=\"elementor-spacer-inner\"><\/div>\n\t\t<\/div>\n\t\t\t\t\t\t<\/div>\n\t\t\t\t<\/div>\n\t\t\t\t<div class=\"elementor-element elementor-element-46e4255 elementor-widget elementor-widget-heading\" data-id=\"46e4255\" data-element_type=\"widget\" data-e-type=\"widget\" data-widget_type=\"heading.default\">\n\t\t\t\t<div class=\"elementor-widget-container\">\n\t\t\t\t\t<h1 class=\"elementor-heading-title elementor-size-default\">H\u00e4ufig gestellte Fragen<\/h1>\t\t\t\t<\/div>\n\t\t\t\t<\/div>\n\t\t\t\t<div class=\"elementor-element elementor-element-500620d elementor-widget elementor-widget-spacer\" data-id=\"500620d\" data-element_type=\"widget\" data-e-type=\"widget\" data-widget_type=\"spacer.default\">\n\t\t\t\t<div class=\"elementor-widget-container\">\n\t\t\t\t\t\t\t<div class=\"elementor-spacer\">\n\t\t\t<div class=\"elementor-spacer-inner\"><\/div>\n\t\t<\/div>\n\t\t\t\t\t\t<\/div>\n\t\t\t\t<\/div>\n\t\t\t\t\t<\/div>\n\t\t<\/div>\n\t\t\t\t\t<\/div>\n\t\t<\/section>\n\t\t\t\t<section class=\"elementor-section elementor-top-section elementor-element elementor-element-c268580 elementor-section-boxed elementor-section-height-default elementor-section-height-default\" data-id=\"c268580\" data-element_type=\"section\" data-e-type=\"section\">\n\t\t\t\t\t\t<div class=\"elementor-container elementor-column-gap-default\">\n\t\t\t\t\t<div class=\"elementor-column elementor-col-100 elementor-top-column elementor-element elementor-element-c9b3b15\" data-id=\"c9b3b15\" data-element_type=\"column\" data-e-type=\"column\">\n\t\t\t<div class=\"elementor-widget-wrap elementor-element-populated\">\n\t\t\t\t\t\t<div class=\"elementor-element elementor-element-3c59991 elementor-widget elementor-widget-text-editor\" data-id=\"3c59991\" data-element_type=\"widget\" data-e-type=\"widget\" data-widget_type=\"text-editor.default\">\n\t\t\t\t<div class=\"elementor-widget-container\">\n\t\t\t\t\t\t\t\t\t<p><span style=\"font-size: 16px;\">Nachstehend finden Sie eine Liste mit h\u00e4ufig gestellten Fragen. Sie finden keine Antwort auf Ihre Frage? Dann wenden Sie sich bitte an uns <\/span><span style=\"text-decoration: underline;\"><a href=\"mailto:info@bykern.nl\">contact<\/a><\/span>\u00a0<span style=\"font-size: 16px;\">met ons op.<\/span><\/p>\t\t\t\t\t\t\t\t<\/div>\n\t\t\t\t<\/div>\n\t\t\t\t\t<\/div>\n\t\t<\/div>\n\t\t\t\t\t<\/div>\n\t\t<\/section>\n\t\t\t\t<section class=\"elementor-section elementor-top-section elementor-element elementor-element-33231488 elementor-section-boxed elementor-section-height-default elementor-section-height-default\" data-id=\"33231488\" data-element_type=\"section\" data-e-type=\"section\">\n\t\t\t\t\t\t<div class=\"elementor-container elementor-column-gap-default\">\n\t\t\t\t\t<div class=\"elementor-column elementor-col-100 elementor-top-column elementor-element elementor-element-c929dc7\" data-id=\"c929dc7\" data-element_type=\"column\" data-e-type=\"column\">\n\t\t\t<div class=\"elementor-widget-wrap elementor-element-populated\">\n\t\t\t\t\t\t<div class=\"elementor-element elementor-element-7979e247 elementor-widget elementor-widget-text-editor\" data-id=\"7979e247\" data-element_type=\"widget\" data-e-type=\"widget\" data-widget_type=\"text-editor.default\">\n\t\t\t\t<div class=\"elementor-widget-container\">\n\t\t\t\t\t\t\t\t\t<p><\/p>\n<p><strong style=\"font-size: 1.7em;\">ALLGEMEINE FRAGEN<\/strong><\/p>\n<div class=\"wp-block-group\">\n<div id=\"wp-block-themeisle-blocks-advanced-columns-809f43dd\" class=\"wp-block-themeisle-blocks-advanced-columns has-2-columns has-desktop-equal-layout has-tablet-equal-layout has-mobile-collapsedRows-layout has-vertical-unset has-default-gap\">\n<div class=\"innerblocks-wrap\">\n<div id=\"wp-block-themeisle-blocks-advanced-column-0d3a9482\" class=\"wp-block-themeisle-blocks-advanced-column\">\n<p><\/p>\n<p><strong>Wie w\u00e4hle ich den richtigen Auspuffschalld\u00e4mpfer f\u00fcr mein Motorrad aus?<\/strong><\/p>\n<p><\/p>\n<p>Durch Angabe des Akronyms und in einigen F\u00e4llen des Baujahres k\u00f6nnen Sie das richtige Modell f\u00fcr Ihr Motorrad ausw\u00e4hlen.<\/p>\n<p><\/p>\n<p><strong>Gibt es \u00e4sthetische Unterschiede zwischen den beiden Modellen?<\/strong><\/p>\n<p><\/p>\n<p>Nein, sie sind v\u00f6llig identisch. Der einzige Unterschied besteht in der Form des Touring-Auspuffs, der bei einem Modell etwas l\u00e4nger und breiter ist, wodurch sich auch ein Preisunterschied ergibt.<\/p>\n<p><\/p>\n<p><strong>Gibt es Unterschiede zwischen der Rock- und der Premium-Linie?<\/strong><\/p>\n<p><\/p>\n<p>Abgesehen davon, dass sie \u00e4sthetisch fast identisch sind, unterscheiden sich die beiden Typen doch deutlich voneinander. Dies macht sich vor allem im Klang bemerkbar:  Die Rock-Schalld\u00e4mpfer haben eine Schallleistung von \u00fcber 115 dB und sind daher nicht offiziell zugelassen. <span style=\"text-decoration: underline;\">Premium-Schalld\u00e4mpfer hingegen haben einen regulierbaren Klang und sind gem\u00e4\u00df den europ\u00e4ischen Normen zugelassen.<\/span>.\u00a0<\/p>\n<p><\/p>\n<p><strong>Sind die Auspuffrohre nur f\u00fcr die auf der Website angegebenen Modelle geeignet?<\/strong><\/p>\n<p><\/p>\n<p>Meistens ja, aber es ist m\u00f6glich, dass neue Modelle die gleichen Abmessungen haben und daher passen.<\/p>\n<p><\/p>\n<p><strong>Sind die beiden Schalld\u00e4mpfer im auf der Website angegebenen Preis enthalten?<\/strong><\/p>\n<p><\/p>\n<p>Ja, die angegebenen Preise verstehen sich immer inklusive eines Satzes Schalld\u00e4mpfer. Das Gleiche gilt f\u00fcr die Auspuffblenden.<\/p>\n<p>\u00a0<\/p>\n<p><\/p>\n<h2 id=\"wp-block-themeisle-blocks-advanced-heading-d6b8f73c\" class=\"wp-block-themeisle-blocks-advanced-heading wp-block-themeisle-blocks-advanced-heading-d6b8f73c\"><strong>TECHNISCHE FRAGEN<\/strong><\/h2>\n<p><\/p>\n<p><strong>Was ist der Durchmesser der Schalld\u00e4mpfer?<\/strong><\/p>\n<p><\/p>\n<p>Bei den Sportster-, Softail- und Dyna-Modellen haben diese einen Durchmesser von 84 mm (3,5 Zoll), bei den TOURING-Modellen sind es 100 mm (4 Zoll).<strong>\u00a0<\/strong><\/p>\n<p><\/p>\n<p><strong>Muss ich das Steuerungssystem des Motors \u00e4ndern oder neu einstellen, wenn ich den Auspuff verwenden m\u00f6chte?\u00a0<\/strong><\/p>\n<p><\/p>\n<p>Nein, unsere Auspuffanlagen funktionieren mit den originalen Motoreinstellungen. Bei einer neu programmierten Steuereinheit kann es zu Leistungseinbu\u00dfen kommen, wenn Sie den Street-Modus (f\u00fcr Premium-Schalld\u00e4mpfer) verwenden.<\/p>\n<p><\/p>\n<p><strong>Wie funktioniert der Premium-Schalld\u00e4mpfer?<\/strong><\/p>\n<p><\/p>\n<p>Die Premium-Auspufft\u00f6pfe funktionieren rein mechanisch, was bei jeder Motordrehzahl f\u00fcr sofortige Wirkung sorgt. Meistens werden sie in Beinh\u00f6he montiert,  je nach Motor.<strong>\u00a0<\/strong><\/p>\n<p><\/p>\n<p><strong>Gibt es eine empfohlene Position f\u00fcr die Endkappen?<\/strong><\/p>\n<p><\/p>\n<p>Nein, bei gleichem Abstand zwischen den 3 Schrauben k\u00f6nnen sie nach Belieben gedreht und installiert werden. Dadurch \u00e4ndert sich auch die Ger\u00e4uschabgabe: Wenn Sie beispielsweise mehr Ger\u00e4usche von der Seite oder von der R\u00fcckseite des Motors w\u00fcnschen, m\u00fcssen Sie lediglich die Richtung der Endkappe \u00e4ndern.<\/p>\n<p><\/p>\n<p><strong>Ist es schwierig, die Schalld\u00e4mpfer zu installieren?<\/strong><\/p>\n<p><\/p>\n<p>Nicht unbedingt, aber wir empfehlen Ihnen in jedem Fall, sich vor der Montage an einen Monteur zu wenden.<\/p>\n<p><\/p>\n<p><strong>Ist der Premium-Schalld\u00e4mpfermechanismus vorinstalliert?<\/strong><\/p>\n<p><\/p>\n<p>Ja, die Kabel sind bereits konfiguriert und geschmiert, und der Mechanismus ist betriebsbereit. Sie m\u00fcssen nur noch den Schalld\u00e4mpfer und den Wahlschalter montieren.<strong>\u00a0<\/strong><\/p>\n<p><\/p>\n<p><strong>Muss ich auch das Zubeh\u00f6r f\u00fcr die Premium-Schalld\u00e4mpfer kaufen?<\/strong><\/p>\n<p><\/p>\n<p>Nein, Premium-Schalld\u00e4mpfer werden komplett geliefert. Sie enthalten jedoch weder die Teile der Kr\u00fcmmer (Sie k\u00f6nnen hierf\u00fcr die Originalteile verwenden) noch die Dichtungen (nur f\u00fcr bestimmte Harley-Modelle) zwischen den Schalld\u00e4mpfern und den Kr\u00fcmmern (auch hierf\u00fcr k\u00f6nnen Sie die Originalteile verwenden).<\/p>\n<p><\/p>\n<\/div>\n<p><!-- \/wp:themeisle-blocks\/advanced-column --><!-- wp:themeisle-blocks\/advanced-column {\"id\":\"wp-block-themeisle-blocks-advanced-column-8e1e1845\",\"columnWidth\":\"10.00\",\"className\":\"\"} --><\/p>\n<div id=\"wp-block-themeisle-blocks-advanced-column-8e1e1845\" class=\"wp-block-themeisle-blocks-advanced-column\">\u00a0<\/div>\n<p><!-- \/wp:themeisle-blocks\/advanced-column --><\/p>\n<\/div>\n<\/div>\n<p><!-- \/wp:themeisle-blocks\/advanced-columns --><\/p>\n<\/div>\n<p><!-- \/wp:group --><\/p>\t\t\t\t\t\t\t\t<\/div>\n\t\t\t\t<\/div>\n\t\t\t\t\t<\/div>\n\t\t<\/div>\n\t\t\t\t\t<\/div>\n\t\t<\/section>\n\t\t\t\t<\/div>","protected":false},"excerpt":{"rendered":"<p>VEELGESTELDE VRAGEN Hieronder vindt u een lijst met veelgestelde vragen. Kunt u het antwoord op uw vraag niet vinden? Neem dan gerust contact\u00a0met ons op. ALGEMENE VRAGEN Hoe kies ik het juiste model uitlaatdemper voor mijn motor? Met aangeven van het acroniem en in sommige gevallen het bouwjaar, kunt u het juiste model voor u [&hellip;]<\/p>\n","protected":false},"author":1,"featured_media":0,"parent":0,"menu_order":0,"comment_status":"closed","ping_status":"closed","template":"","meta":{"site-sidebar-layout":"default","site-content-layout":"","ast-site-content-layout":"default","site-content-style":"default","site-sidebar-style":"default","ast-global-header-display":"","ast-banner-title-visibility":"","ast-main-header-display":"","ast-hfb-above-header-display":"","ast-hfb-below-header-display":"","ast-hfb-mobile-header-display":"","site-post-title":"","ast-breadcrumbs-content":"","ast-featured-img":"","footer-sml-layout":"","ast-disable-related-posts":"","theme-transparent-header-meta":"","adv-header-id-meta":"","stick-header-meta":"","header-above-stick-meta":"","header-main-stick-meta":"","header-below-stick-meta":"","astra-migrate-meta-layouts":"default","ast-page-background-enabled":"default","ast-page-background-meta":{"desktop":{"background-color":"var(--ast-global-color-4)","background-image":"","background-repeat":"repeat","background-position":"center center","background-size":"auto","background-attachment":"scroll","background-type":"","background-media":"","overlay-type":"","overlay-color":"","overlay-opacity":"","overlay-gradient":""},"tablet":{"background-color":"","background-image":"","background-repeat":"repeat","background-position":"center center","background-size":"auto","background-attachment":"scroll","background-type":"","background-media":"","overlay-type":"","overlay-color":"","overlay-opacity":"","overlay-gradient":""},"mobile":{"background-color":"","background-image":"","background-repeat":"repeat","background-position":"center center","background-size":"auto","background-attachment":"scroll","background-type":"","background-media":"","overlay-type":"","overlay-color":"","overlay-opacity":"","overlay-gradient":""}},"ast-content-background-meta":{"desktop":{"background-color":"var(--ast-global-color-5)","background-image":"","background-repeat":"repeat","background-position":"center center","background-size":"auto","background-attachment":"scroll","background-type":"","background-media":"","overlay-type":"","overlay-color":"","overlay-opacity":"","overlay-gradient":""},"tablet":{"background-color":"var(--ast-global-color-5)","background-image":"","background-repeat":"repeat","background-position":"center center","background-size":"auto","background-attachment":"scroll","background-type":"","background-media":"","overlay-type":"","overlay-color":"","overlay-opacity":"","overlay-gradient":""},"mobile":{"background-color":"var(--ast-global-color-5)","background-image":"","background-repeat":"repeat","background-position":"center center","background-size":"auto","background-attachment":"scroll","background-type":"","background-media":"","overlay-type":"","overlay-color":"","overlay-opacity":"","overlay-gradient":""}},"footnotes":""},"class_list":["post-1087","page","type-page","status-publish","hentry"],"yoast_head":"<!-- This site is optimized with the Yoast SEO plugin v27.4 - https:\/\/yoast.com\/product\/yoast-seo-wordpress\/ -->\n<title>Veelgestelde vragen - BYKERN NEDERLAND<\/title>\n<meta name=\"description\" content=\"Veelgestelde vragen over Bykern-geluiddempers met variabel geluid. 100% legaal en goedgekeurd in de hele Europese Unie\" \/>\n<meta name=\"robots\" content=\"index, follow, max-snippet:-1, max-image-preview:large, max-video-preview:-1\" \/>\n<link rel=\"canonical\" href=\"https:\/\/bykern.nl\/de\/veelgestelde-vragen\/\" \/>\n<meta property=\"og:locale\" content=\"de_DE\" \/>\n<meta property=\"og:type\" content=\"article\" \/>\n<meta property=\"og:title\" content=\"Veelgestelde vragen - BYKERN NEDERLAND\" \/>\n<meta property=\"og:description\" content=\"Veelgestelde vragen over Bykern-geluiddempers met variabel geluid. 100% legaal en goedgekeurd in de hele Europese Unie\" \/>\n<meta property=\"og:url\" content=\"https:\/\/bykern.nl\/de\/veelgestelde-vragen\/\" \/>\n<meta property=\"og:site_name\" content=\"BYKERN NEDERLAND\" \/>\n<meta property=\"article:modified_time\" content=\"2023-12-29T14:08:42+00:00\" \/>\n<meta property=\"og:image\" content=\"https:\/\/bykern.nl\/wp-content\/uploads\/2020\/12\/cropped-bykern_logo_2-1.jpg\" \/>\n\t<meta property=\"og:image:width\" content=\"512\" \/>\n\t<meta property=\"og:image:height\" content=\"512\" \/>\n\t<meta property=\"og:image:type\" content=\"image\/jpeg\" \/>\n<meta name=\"twitter:card\" content=\"summary_large_image\" \/>\n<meta name=\"twitter:label1\" content=\"Gesch\u00e4tzte Lesezeit\" \/>\n\t<meta name=\"twitter:data1\" content=\"3\u00a0Minuten\" \/>\n<script type=\"application\/ld+json\" class=\"yoast-schema-graph\">{\"@context\":\"https:\\\/\\\/schema.org\",\"@graph\":[{\"@type\":\"WebPage\",\"@id\":\"https:\\\/\\\/bykern.nl\\\/veelgestelde-vragen\\\/\",\"url\":\"https:\\\/\\\/bykern.nl\\\/veelgestelde-vragen\\\/\",\"name\":\"Veelgestelde vragen - BYKERN NEDERLAND\",\"isPartOf\":{\"@id\":\"https:\\\/\\\/bykern.nl\\\/#website\"},\"datePublished\":\"2020-12-27T20:40:55+00:00\",\"dateModified\":\"2023-12-29T14:08:42+00:00\",\"description\":\"Veelgestelde vragen over Bykern-geluiddempers met variabel geluid. 100% legaal en goedgekeurd in de hele Europese Unie\",\"breadcrumb\":{\"@id\":\"https:\\\/\\\/bykern.nl\\\/veelgestelde-vragen\\\/#breadcrumb\"},\"inLanguage\":\"de\",\"potentialAction\":[{\"@type\":\"ReadAction\",\"target\":[\"https:\\\/\\\/bykern.nl\\\/veelgestelde-vragen\\\/\"]}]},{\"@type\":\"BreadcrumbList\",\"@id\":\"https:\\\/\\\/bykern.nl\\\/veelgestelde-vragen\\\/#breadcrumb\",\"itemListElement\":[{\"@type\":\"ListItem\",\"position\":1,\"name\":\"Home\",\"item\":\"https:\\\/\\\/bykern.nl\\\/\"},{\"@type\":\"ListItem\",\"position\":2,\"name\":\"Veelgestelde vragen\"}]},{\"@type\":\"WebSite\",\"@id\":\"https:\\\/\\\/bykern.nl\\\/#website\",\"url\":\"https:\\\/\\\/bykern.nl\\\/\",\"name\":\"ByKern Nederland\",\"description\":\"Offici\u00eble Website\",\"publisher\":{\"@id\":\"https:\\\/\\\/bykern.nl\\\/#organization\"},\"potentialAction\":[{\"@type\":\"SearchAction\",\"target\":{\"@type\":\"EntryPoint\",\"urlTemplate\":\"https:\\\/\\\/bykern.nl\\\/?s={search_term_string}\"},\"query-input\":{\"@type\":\"PropertyValueSpecification\",\"valueRequired\":true,\"valueName\":\"search_term_string\"}}],\"inLanguage\":\"de\"},{\"@type\":\"Organization\",\"@id\":\"https:\\\/\\\/bykern.nl\\\/#organization\",\"name\":\"Bykern Nederland\",\"url\":\"https:\\\/\\\/bykern.nl\\\/\",\"logo\":{\"@type\":\"ImageObject\",\"inLanguage\":\"de\",\"@id\":\"https:\\\/\\\/bykern.nl\\\/#\\\/schema\\\/logo\\\/image\\\/\",\"url\":\"https:\\\/\\\/bykern.nl\\\/wp-content\\\/uploads\\\/2021\\\/02\\\/BykernLogoWhite.png\",\"contentUrl\":\"https:\\\/\\\/bykern.nl\\\/wp-content\\\/uploads\\\/2021\\\/02\\\/BykernLogoWhite.png\",\"width\":594,\"height\":489,\"caption\":\"Bykern Nederland\"},\"image\":{\"@id\":\"https:\\\/\\\/bykern.nl\\\/#\\\/schema\\\/logo\\\/image\\\/\"}}]}<\/script>\n<!-- \/ Yoast SEO plugin. -->","yoast_head_json":{"title":"Veelgestelde vragen - BYKERN NEDERLAND","description":"Veelgestelde vragen over Bykern-geluiddempers met variabel geluid. 100% legaal en goedgekeurd in de hele Europese Unie","robots":{"index":"index","follow":"follow","max-snippet":"max-snippet:-1","max-image-preview":"max-image-preview:large","max-video-preview":"max-video-preview:-1"},"canonical":"https:\/\/bykern.nl\/de\/veelgestelde-vragen\/","og_locale":"de_DE","og_type":"article","og_title":"Veelgestelde vragen - BYKERN NEDERLAND","og_description":"Veelgestelde vragen over Bykern-geluiddempers met variabel geluid. 100% legaal en goedgekeurd in de hele Europese Unie","og_url":"https:\/\/bykern.nl\/de\/veelgestelde-vragen\/","og_site_name":"BYKERN NEDERLAND","article_modified_time":"2023-12-29T14:08:42+00:00","og_image":[{"width":512,"height":512,"url":"https:\/\/bykern.nl\/wp-content\/uploads\/2020\/12\/cropped-bykern_logo_2-1.jpg","type":"image\/jpeg"}],"twitter_card":"summary_large_image","twitter_misc":{"Gesch\u00e4tzte Lesezeit":"3\u00a0Minuten"},"schema":{"@context":"https:\/\/schema.org","@graph":[{"@type":"WebPage","@id":"https:\/\/bykern.nl\/veelgestelde-vragen\/","url":"https:\/\/bykern.nl\/veelgestelde-vragen\/","name":"Veelgestelde vragen - BYKERN NEDERLAND","isPartOf":{"@id":"https:\/\/bykern.nl\/#website"},"datePublished":"2020-12-27T20:40:55+00:00","dateModified":"2023-12-29T14:08:42+00:00","description":"Veelgestelde vragen over Bykern-geluiddempers met variabel geluid. 100% legaal en goedgekeurd in de hele Europese Unie","breadcrumb":{"@id":"https:\/\/bykern.nl\/veelgestelde-vragen\/#breadcrumb"},"inLanguage":"de","potentialAction":[{"@type":"ReadAction","target":["https:\/\/bykern.nl\/veelgestelde-vragen\/"]}]},{"@type":"BreadcrumbList","@id":"https:\/\/bykern.nl\/veelgestelde-vragen\/#breadcrumb","itemListElement":[{"@type":"ListItem","position":1,"name":"Home","item":"https:\/\/bykern.nl\/"},{"@type":"ListItem","position":2,"name":"Veelgestelde vragen"}]},{"@type":"WebSite","@id":"https:\/\/bykern.nl\/#website","url":"https:\/\/bykern.nl\/","name":"ByKern Nederland","description":"Offici\u00eble Website","publisher":{"@id":"https:\/\/bykern.nl\/#organization"},"potentialAction":[{"@type":"SearchAction","target":{"@type":"EntryPoint","urlTemplate":"https:\/\/bykern.nl\/?s={search_term_string}"},"query-input":{"@type":"PropertyValueSpecification","valueRequired":true,"valueName":"search_term_string"}}],"inLanguage":"de"},{"@type":"Organization","@id":"https:\/\/bykern.nl\/#organization","name":"Bykern Nederland","url":"https:\/\/bykern.nl\/","logo":{"@type":"ImageObject","inLanguage":"de","@id":"https:\/\/bykern.nl\/#\/schema\/logo\/image\/","url":"https:\/\/bykern.nl\/wp-content\/uploads\/2021\/02\/BykernLogoWhite.png","contentUrl":"https:\/\/bykern.nl\/wp-content\/uploads\/2021\/02\/BykernLogoWhite.png","width":594,"height":489,"caption":"Bykern Nederland"},"image":{"@id":"https:\/\/bykern.nl\/#\/schema\/logo\/image\/"}}]}},"_links":{"self":[{"href":"https:\/\/bykern.nl\/de\/wp-json\/wp\/v2\/pages\/1087","targetHints":{"allow":["GET"]}}],"collection":[{"href":"https:\/\/bykern.nl\/de\/wp-json\/wp\/v2\/pages"}],"about":[{"href":"https:\/\/bykern.nl\/de\/wp-json\/wp\/v2\/types\/page"}],"author":[{"embeddable":true,"href":"https:\/\/bykern.nl\/de\/wp-json\/wp\/v2\/users\/1"}],"replies":[{"embeddable":true,"href":"https:\/\/bykern.nl\/de\/wp-json\/wp\/v2\/comments?post=1087"}],"version-history":[{"count":48,"href":"https:\/\/bykern.nl\/de\/wp-json\/wp\/v2\/pages\/1087\/revisions"}],"predecessor-version":[{"id":2662,"href":"https:\/\/bykern.nl\/de\/wp-json\/wp\/v2\/pages\/1087\/revisions\/2662"}],"wp:attachment":[{"href":"https:\/\/bykern.nl\/de\/wp-json\/wp\/v2\/media?parent=1087"}],"curies":[{"name":"wp","href":"https:\/\/api.w.org\/{rel}","templated":true}]}}