{"id":1823,"date":"2022-04-27T18:06:32","date_gmt":"2022-04-27T16:06:32","guid":{"rendered":"https:\/\/bykern.nl\/product\/import-placeholder-for-2273\/"},"modified":"2026-01-31T18:45:33","modified_gmt":"2026-01-31T17:45:33","slug":"sportster-883-premium-zwart-van-2014","status":"publish","type":"product","link":"https:\/\/bykern.nl\/de\/produkt\/sportster-883-premium-zwart-van-2014\/","title":{"rendered":"Sportster 883 Premium Schwarz von 2014"},"content":{"rendered":"<p>Premium-Auspuff mit einstellbarem Sound, CE-zertifiziert gem\u00e4\u00df EU-Norm, aus Edelstahl gefertigt. 3 Jahre Garantie. Freie Wahl der Endrohre \u00fcber Bestellhinweis an der Kasse.<br \/>\n<strong>Verf\u00fcgbar f\u00fcr die folgenden Modelle:<\/strong> <\/p>\n<p>Roadster (van 2016)<br \/>\nXL 1200 C (van 2014)<br \/>\nXL 1200 L (van 2014)<br \/>\nXL 1200 N (van 2014)<br \/>\nXL 1200 R (van 2014)<br \/>\nXL 1200 T (van 2014)<br \/>\nXL 1200 V (van 2014)<br \/>\nXL 1200 X (van 2014)<\/p>\n<p><iframe width=\"560\" height=\"315\" src=\"https:\/\/www.youtube.com\/embed\/xp4Iki2gZJk\" title=\"YouTube video player\" frameborder=\"0\" allow=\"accelerometer; autoplay; clipboard-write; encrypted-media; gyroscope; picture-in-picture; web-share\" allowfullscreen><\/iframe><\/p>","protected":false},"excerpt":{"rendered":"<p>Premium uitlaat met instelbaar geluid, CE-gecertificeerd volgens EU-norm, vervaardigd uit roestvrij staal. 3 jaar garantie. Vrije keuze van eindkappen via bestelnotitie bij het afrekenen. Beschikbaar voor de volgende modellen: Roadster (van 2016) XL 1200 C (van 2014) XL 1200 L (van 2014) XL 1200 N (van 2014) XL 1200 R (van 2014) XL 1200 T [&hellip;]<\/p>\n","protected":false},"featured_media":1712,"template":"","meta":{"site-sidebar-layout":"default","site-content-layout":"","ast-site-content-layout":"default","site-content-style":"default","site-sidebar-style":"default","ast-global-header-display":"","ast-banner-title-visibility":"","ast-main-header-display":"","ast-hfb-above-header-display":"","ast-hfb-below-header-display":"","ast-hfb-mobile-header-display":"","site-post-title":"","ast-breadcrumbs-content":"","ast-featured-img":"","footer-sml-layout":"","ast-disable-related-posts":"","theme-transparent-header-meta":"","adv-header-id-meta":"","stick-header-meta":"","header-above-stick-meta":"","header-main-stick-meta":"","header-below-stick-meta":"","astra-migrate-meta-layouts":"default","ast-page-background-enabled":"default","ast-page-background-meta":{"desktop":{"background-color":"var(--ast-global-color-4)","background-image":"","background-repeat":"repeat","background-position":"center center","background-size":"auto","background-attachment":"scroll","background-type":"","background-media":"","overlay-type":"","overlay-color":"","overlay-opacity":"","overlay-gradient":""},"tablet":{"background-color":"","background-image":"","background-repeat":"repeat","background-position":"center center","background-size":"auto","background-attachment":"scroll","background-type":"","background-media":"","overlay-type":"","overlay-color":"","overlay-opacity":"","overlay-gradient":""},"mobile":{"background-color":"","background-image":"","background-repeat":"repeat","background-position":"center center","background-size":"auto","background-attachment":"scroll","background-type":"","background-media":"","overlay-type":"","overlay-color":"","overlay-opacity":"","overlay-gradient":""}},"ast-content-background-meta":{"desktop":{"background-color":"var(--ast-global-color-5)","background-image":"","background-repeat":"repeat","background-position":"center center","background-size":"auto","background-attachment":"scroll","background-type":"","background-media":"","overlay-type":"","overlay-color":"","overlay-opacity":"","overlay-gradient":""},"tablet":{"background-color":"var(--ast-global-color-5)","background-image":"","background-repeat":"repeat","background-position":"center center","background-size":"auto","background-attachment":"scroll","background-type":"","background-media":"","overlay-type":"","overlay-color":"","overlay-opacity":"","overlay-gradient":""},"mobile":{"background-color":"var(--ast-global-color-5)","background-image":"","background-repeat":"repeat","background-position":"center center","background-size":"auto","background-attachment":"scroll","background-type":"","background-media":"","overlay-type":"","overlay-color":"","overlay-opacity":"","overlay-gradient":""}}},"product_brand":[],"product_cat":[103],"product_tag":[],"class_list":{"0":"post-1823","1":"product","2":"type-product","3":"status-publish","4":"has-post-thumbnail","6":"product_cat-uitlaatpijpen-premium","7":"desktop-align-left","8":"tablet-align-left","9":"mobile-align-left","11":"first","12":"instock","13":"shipping-taxable","14":"purchasable","15":"product-type-simple"},"yoast_head":"<!-- This site is optimized with the Yoast SEO plugin v27.4 - https:\/\/yoast.com\/product\/yoast-seo-wordpress\/ -->\n<title>Sportster 883 Premium Zwart van 2014 - BYKERN NEDERLAND<\/title>\n<meta name=\"description\" content=\"Erkende uitlaat met regelbaar geluid Bykern. Uitlaat met mechanische klep. Goedgekeurde\/erkende euro 4 en euro 5 uitlaat\" \/>\n<meta name=\"robots\" content=\"index, follow, max-snippet:-1, max-image-preview:large, max-video-preview:-1\" \/>\n<link rel=\"canonical\" href=\"https:\/\/bykern.nl\/de\/produkt\/sportster-883-premium-zwart-van-2014\/\" \/>\n<meta property=\"og:locale\" content=\"de_DE\" \/>\n<meta property=\"og:type\" content=\"article\" \/>\n<meta property=\"og:title\" content=\"Sportster 883 Premium Zwart van 2014 - BYKERN NEDERLAND\" \/>\n<meta property=\"og:description\" content=\"Erkende uitlaat met regelbaar geluid Bykern. Uitlaat met mechanische klep. Goedgekeurde\/erkende euro 4 en euro 5 uitlaat\" \/>\n<meta property=\"og:url\" content=\"https:\/\/bykern.nl\/de\/produkt\/sportster-883-premium-zwart-van-2014\/\" \/>\n<meta property=\"og:site_name\" content=\"BYKERN NEDERLAND\" \/>\n<meta property=\"article:modified_time\" content=\"2026-01-31T17:45:33+00:00\" \/>\n<meta property=\"og:image\" content=\"https:\/\/bykern.nl\/wp-content\/uploads\/2022\/04\/UXS-84-D-14_black-1.jpg\" \/>\n\t<meta property=\"og:image:width\" content=\"500\" \/>\n\t<meta property=\"og:image:height\" content=\"422\" \/>\n\t<meta property=\"og:image:type\" content=\"image\/jpeg\" \/>\n<meta name=\"twitter:card\" content=\"summary_large_image\" \/>\n<script type=\"application\/ld+json\" class=\"yoast-schema-graph\">{\"@context\":\"https:\\\/\\\/schema.org\",\"@graph\":[{\"@type\":\"WebPage\",\"@id\":\"https:\\\/\\\/bykern.nl\\\/product\\\/sportster-883-premium-zwart-van-2014\\\/\",\"url\":\"https:\\\/\\\/bykern.nl\\\/product\\\/sportster-883-premium-zwart-van-2014\\\/\",\"name\":\"Sportster 883 Premium Zwart van 2014 - BYKERN NEDERLAND\",\"isPartOf\":{\"@id\":\"https:\\\/\\\/bykern.nl\\\/#website\"},\"primaryImageOfPage\":{\"@id\":\"https:\\\/\\\/bykern.nl\\\/product\\\/sportster-883-premium-zwart-van-2014\\\/#primaryimage\"},\"image\":{\"@id\":\"https:\\\/\\\/bykern.nl\\\/product\\\/sportster-883-premium-zwart-van-2014\\\/#primaryimage\"},\"thumbnailUrl\":\"https:\\\/\\\/bykern.nl\\\/wp-content\\\/uploads\\\/2022\\\/04\\\/UXS-84-D-14_black-1.jpg\",\"datePublished\":\"2022-04-27T16:06:32+00:00\",\"dateModified\":\"2026-01-31T17:45:33+00:00\",\"description\":\"Erkende uitlaat met regelbaar geluid Bykern. Uitlaat met mechanische klep. Goedgekeurde\\\/erkende euro 4 en euro 5 uitlaat\",\"breadcrumb\":{\"@id\":\"https:\\\/\\\/bykern.nl\\\/product\\\/sportster-883-premium-zwart-van-2014\\\/#breadcrumb\"},\"inLanguage\":\"de\",\"potentialAction\":[{\"@type\":\"ReadAction\",\"target\":[\"https:\\\/\\\/bykern.nl\\\/product\\\/sportster-883-premium-zwart-van-2014\\\/\"]}]},{\"@type\":\"ImageObject\",\"inLanguage\":\"de\",\"@id\":\"https:\\\/\\\/bykern.nl\\\/product\\\/sportster-883-premium-zwart-van-2014\\\/#primaryimage\",\"url\":\"https:\\\/\\\/bykern.nl\\\/wp-content\\\/uploads\\\/2022\\\/04\\\/UXS-84-D-14_black-1.jpg\",\"contentUrl\":\"https:\\\/\\\/bykern.nl\\\/wp-content\\\/uploads\\\/2022\\\/04\\\/UXS-84-D-14_black-1.jpg\",\"width\":500,\"height\":422},{\"@type\":\"BreadcrumbList\",\"@id\":\"https:\\\/\\\/bykern.nl\\\/product\\\/sportster-883-premium-zwart-van-2014\\\/#breadcrumb\",\"itemListElement\":[{\"@type\":\"ListItem\",\"position\":1,\"name\":\"Home\",\"item\":\"https:\\\/\\\/bykern.nl\\\/\"},{\"@type\":\"ListItem\",\"position\":2,\"name\":\"Shop\",\"item\":\"https:\\\/\\\/bykern.nl\\\/shop\\\/\"},{\"@type\":\"ListItem\",\"position\":3,\"name\":\"Sportster 883 Premium Zwart van 2014\"}]},{\"@type\":\"WebSite\",\"@id\":\"https:\\\/\\\/bykern.nl\\\/#website\",\"url\":\"https:\\\/\\\/bykern.nl\\\/\",\"name\":\"ByKern Nederland\",\"description\":\"Offici\u00eble Website\",\"publisher\":{\"@id\":\"https:\\\/\\\/bykern.nl\\\/#organization\"},\"potentialAction\":[{\"@type\":\"SearchAction\",\"target\":{\"@type\":\"EntryPoint\",\"urlTemplate\":\"https:\\\/\\\/bykern.nl\\\/?s={search_term_string}\"},\"query-input\":{\"@type\":\"PropertyValueSpecification\",\"valueRequired\":true,\"valueName\":\"search_term_string\"}}],\"inLanguage\":\"de\"},{\"@type\":\"Organization\",\"@id\":\"https:\\\/\\\/bykern.nl\\\/#organization\",\"name\":\"Bykern Nederland\",\"url\":\"https:\\\/\\\/bykern.nl\\\/\",\"logo\":{\"@type\":\"ImageObject\",\"inLanguage\":\"de\",\"@id\":\"https:\\\/\\\/bykern.nl\\\/#\\\/schema\\\/logo\\\/image\\\/\",\"url\":\"https:\\\/\\\/bykern.nl\\\/wp-content\\\/uploads\\\/2021\\\/02\\\/BykernLogoWhite.png\",\"contentUrl\":\"https:\\\/\\\/bykern.nl\\\/wp-content\\\/uploads\\\/2021\\\/02\\\/BykernLogoWhite.png\",\"width\":594,\"height\":489,\"caption\":\"Bykern Nederland\"},\"image\":{\"@id\":\"https:\\\/\\\/bykern.nl\\\/#\\\/schema\\\/logo\\\/image\\\/\"}}]}<\/script>\n<!-- \/ Yoast SEO plugin. -->","yoast_head_json":{"title":"Sportster 883 Premium Zwart van 2014 - BYKERN NEDERLAND","description":"Erkende uitlaat met regelbaar geluid Bykern. Uitlaat met mechanische klep. Goedgekeurde\/erkende euro 4 en euro 5 uitlaat","robots":{"index":"index","follow":"follow","max-snippet":"max-snippet:-1","max-image-preview":"max-image-preview:large","max-video-preview":"max-video-preview:-1"},"canonical":"https:\/\/bykern.nl\/de\/produkt\/sportster-883-premium-zwart-van-2014\/","og_locale":"de_DE","og_type":"article","og_title":"Sportster 883 Premium Zwart van 2014 - BYKERN NEDERLAND","og_description":"Erkende uitlaat met regelbaar geluid Bykern. Uitlaat met mechanische klep. Goedgekeurde\/erkende euro 4 en euro 5 uitlaat","og_url":"https:\/\/bykern.nl\/de\/produkt\/sportster-883-premium-zwart-van-2014\/","og_site_name":"BYKERN NEDERLAND","article_modified_time":"2026-01-31T17:45:33+00:00","og_image":[{"width":500,"height":422,"url":"https:\/\/bykern.nl\/wp-content\/uploads\/2022\/04\/UXS-84-D-14_black-1.jpg","type":"image\/jpeg"}],"twitter_card":"summary_large_image","schema":{"@context":"https:\/\/schema.org","@graph":[{"@type":"WebPage","@id":"https:\/\/bykern.nl\/product\/sportster-883-premium-zwart-van-2014\/","url":"https:\/\/bykern.nl\/product\/sportster-883-premium-zwart-van-2014\/","name":"Sportster 883 Premium Zwart van 2014 - BYKERN NEDERLAND","isPartOf":{"@id":"https:\/\/bykern.nl\/#website"},"primaryImageOfPage":{"@id":"https:\/\/bykern.nl\/product\/sportster-883-premium-zwart-van-2014\/#primaryimage"},"image":{"@id":"https:\/\/bykern.nl\/product\/sportster-883-premium-zwart-van-2014\/#primaryimage"},"thumbnailUrl":"https:\/\/bykern.nl\/wp-content\/uploads\/2022\/04\/UXS-84-D-14_black-1.jpg","datePublished":"2022-04-27T16:06:32+00:00","dateModified":"2026-01-31T17:45:33+00:00","description":"Erkende uitlaat met regelbaar geluid Bykern. Uitlaat met mechanische klep. Goedgekeurde\/erkende euro 4 en euro 5 uitlaat","breadcrumb":{"@id":"https:\/\/bykern.nl\/product\/sportster-883-premium-zwart-van-2014\/#breadcrumb"},"inLanguage":"de","potentialAction":[{"@type":"ReadAction","target":["https:\/\/bykern.nl\/product\/sportster-883-premium-zwart-van-2014\/"]}]},{"@type":"ImageObject","inLanguage":"de","@id":"https:\/\/bykern.nl\/product\/sportster-883-premium-zwart-van-2014\/#primaryimage","url":"https:\/\/bykern.nl\/wp-content\/uploads\/2022\/04\/UXS-84-D-14_black-1.jpg","contentUrl":"https:\/\/bykern.nl\/wp-content\/uploads\/2022\/04\/UXS-84-D-14_black-1.jpg","width":500,"height":422},{"@type":"BreadcrumbList","@id":"https:\/\/bykern.nl\/product\/sportster-883-premium-zwart-van-2014\/#breadcrumb","itemListElement":[{"@type":"ListItem","position":1,"name":"Home","item":"https:\/\/bykern.nl\/"},{"@type":"ListItem","position":2,"name":"Shop","item":"https:\/\/bykern.nl\/shop\/"},{"@type":"ListItem","position":3,"name":"Sportster 883 Premium Zwart van 2014"}]},{"@type":"WebSite","@id":"https:\/\/bykern.nl\/#website","url":"https:\/\/bykern.nl\/","name":"ByKern Nederland","description":"Offici\u00eble Website","publisher":{"@id":"https:\/\/bykern.nl\/#organization"},"potentialAction":[{"@type":"SearchAction","target":{"@type":"EntryPoint","urlTemplate":"https:\/\/bykern.nl\/?s={search_term_string}"},"query-input":{"@type":"PropertyValueSpecification","valueRequired":true,"valueName":"search_term_string"}}],"inLanguage":"de"},{"@type":"Organization","@id":"https:\/\/bykern.nl\/#organization","name":"Bykern Nederland","url":"https:\/\/bykern.nl\/","logo":{"@type":"ImageObject","inLanguage":"de","@id":"https:\/\/bykern.nl\/#\/schema\/logo\/image\/","url":"https:\/\/bykern.nl\/wp-content\/uploads\/2021\/02\/BykernLogoWhite.png","contentUrl":"https:\/\/bykern.nl\/wp-content\/uploads\/2021\/02\/BykernLogoWhite.png","width":594,"height":489,"caption":"Bykern Nederland"},"image":{"@id":"https:\/\/bykern.nl\/#\/schema\/logo\/image\/"}}]}},"_links":{"self":[{"href":"https:\/\/bykern.nl\/de\/wp-json\/wp\/v2\/product\/1823","targetHints":{"allow":["GET"]}}],"collection":[{"href":"https:\/\/bykern.nl\/de\/wp-json\/wp\/v2\/product"}],"about":[{"href":"https:\/\/bykern.nl\/de\/wp-json\/wp\/v2\/types\/product"}],"wp:featuredmedia":[{"embeddable":true,"href":"https:\/\/bykern.nl\/de\/wp-json\/wp\/v2\/media\/1712"}],"wp:attachment":[{"href":"https:\/\/bykern.nl\/de\/wp-json\/wp\/v2\/media?parent=1823"}],"wp:term":[{"taxonomy":"product_brand","embeddable":true,"href":"https:\/\/bykern.nl\/de\/wp-json\/wp\/v2\/product_brand?post=1823"},{"taxonomy":"product_cat","embeddable":true,"href":"https:\/\/bykern.nl\/de\/wp-json\/wp\/v2\/product_cat?post=1823"},{"taxonomy":"product_tag","embeddable":true,"href":"https:\/\/bykern.nl\/de\/wp-json\/wp\/v2\/product_tag?post=1823"}],"curies":[{"name":"wp","href":"https:\/\/api.w.org\/{rel}","templated":true}]}}